{"id":2,"date":"2024-09-23T16:02:06","date_gmt":"2024-09-23T16:02:06","guid":{"rendered":"https:\/\/itaraoro.rkinformatika.online\/?page_id=2"},"modified":"2024-11-26T16:33:53","modified_gmt":"2024-11-26T16:33:53","slug":"inicio","status":"publish","type":"page","link":"https:\/\/pinturasranchoalegre.com\/eu\/","title":{"rendered":"Hasiera"},"content":{"rendered":"<div data-elementor-type=\"wp-page\" data-elementor-id=\"2\" class=\"elementor elementor-2\" data-elementor-post-type=\"page\">\n\t\t\t\t<div class=\"elementor-element elementor-element-85362ec e-con-full e-flex e-con e-parent\" data-id=\"85362ec\" data-element_type=\"container\" data-e-type=\"container\" data-settings=\"{&quot;background_background&quot;:&quot;slideshow&quot;,&quot;background_slideshow_gallery&quot;:[],&quot;background_slideshow_loop&quot;:&quot;yes&quot;,&quot;background_slideshow_slide_duration&quot;:5000,&quot;background_slideshow_slide_transition&quot;:&quot;fade&quot;,&quot;background_slideshow_transition_duration&quot;:500}\">\n\t\t\t\t<div class=\"elementor-element elementor-element-54010a2 elementor-widget elementor-widget-heading\" data-id=\"54010a2\" data-element_type=\"widget\" data-e-type=\"widget\" data-widget_type=\"heading.default\">\n\t\t\t\t<div class=\"elementor-widget-container\">\n\t\t\t\t\t<h1 class=\"elementor-heading-title elementor-size-default\">Pintura orokorrean<\/h1>\t\t\t\t<\/div>\n\t\t\t\t<\/div>\n\t\t\t\t<div class=\"elementor-element elementor-element-b04b682 elementor-widget elementor-widget-heading\" data-id=\"b04b682\" data-element_type=\"widget\" data-e-type=\"widget\" data-widget_type=\"heading.default\">\n\t\t\t\t<div class=\"elementor-widget-container\">\n\t\t\t\t\t<h2 class=\"elementor-heading-title elementor-size-default\">KALITATE HANDIKO EMAITZAK<\/h2>\t\t\t\t<\/div>\n\t\t\t\t<\/div>\n\t\t\t\t<div class=\"elementor-element elementor-element-a58230f elementor-widget elementor-widget-heading\" data-id=\"a58230f\" data-element_type=\"widget\" data-e-type=\"widget\" data-widget_type=\"heading.default\">\n\t\t\t\t<div class=\"elementor-widget-container\">\n\t\t\t\t\t<h2 class=\"elementor-heading-title elementor-size-default\">MOTA GUZTIETAKO PROIEKTUETARAKO PINTURA ZERBITZUAK ESKAINTZEN DITUGU<\/h2>\t\t\t\t<\/div>\n\t\t\t\t<\/div>\n\t\t\t\t<\/div>\n\t\t<div class=\"elementor-element elementor-element-7bf126b e-flex e-con-boxed e-con e-parent\" data-id=\"7bf126b\" data-element_type=\"container\" data-e-type=\"container\">\n\t\t\t\t\t<div class=\"e-con-inner\">\n\t\t\t\t<div class=\"elementor-element elementor-element-031075e elementor-position-left elementor-vertical-align-middle elementor-widget elementor-widget-image-box\" data-id=\"031075e\" data-element_type=\"widget\" data-e-type=\"widget\" data-widget_type=\"image-box.default\">\n\t\t\t\t<div class=\"elementor-widget-container\">\n\t\t\t\t\t<div class=\"elementor-image-box-wrapper\"><figure class=\"elementor-image-box-img\"><img fetchpriority=\"high\" decoding=\"async\" width=\"613\" height=\"748\" src=\"https:\/\/pinturasranchoalegre.com\/wp-content\/uploads\/2024\/11\/Captura-desde-2024-11-26-14-30-13.png\" class=\"attachment-full size-full wp-image-852\" alt=\"\" srcset=\"https:\/\/pinturasranchoalegre.com\/wp-content\/uploads\/2024\/11\/Captura-desde-2024-11-26-14-30-13.png 613w, https:\/\/pinturasranchoalegre.com\/wp-content\/uploads\/2024\/11\/Captura-desde-2024-11-26-14-30-13-246x300.png 246w, https:\/\/pinturasranchoalegre.com\/wp-content\/uploads\/2024\/11\/Captura-desde-2024-11-26-14-30-13-10x12.png 10w\" sizes=\"(max-width: 613px) 100vw, 613px\" \/><\/figure><div class=\"elementor-image-box-content\"><h3 class=\"elementor-image-box-title\">Historia<\/h3><p class=\"elementor-image-box-description\">Bi urtez, pinturaren munduan praktikatzaile gisa esperientzia baliotsua hartu nuen, oinarritik ikasiz eta adituen gidaritzapean nire trebetasunak hobetuz. Ondoren, sektoreko enpresa ezagun batean lan egin nuen bost urtez profesional gisa, eta, horri esker, nire ezagutza eta teknika sendotu ahal izan nituen hainbat proiektutan.\n<br><br>\nGaur, esperientzia horrekin guztiarekin, urrats handia ematea eta neure negozioa osatzea erabaki dut. Ekintzailetza honek pinturaren artearekiko pasioa, kalitatearekiko konpromisoa eta bezero bakoitzari zerbitzu pertsonalizatua eta aparta eskaintzeko nahia islatzen ditu.<\/p><\/div><\/div>\t\t\t\t<\/div>\n\t\t\t\t<\/div>\n\t\t\t\t\t<\/div>\n\t\t\t\t<\/div>\n\t\t<div class=\"elementor-element elementor-element-043afde e-flex e-con-boxed e-con e-parent\" data-id=\"043afde\" data-element_type=\"container\" data-e-type=\"container\" data-settings=\"{&quot;background_background&quot;:&quot;classic&quot;}\">\n\t\t\t\t\t<div class=\"e-con-inner\">\n\t\t\t\t<div class=\"elementor-element elementor-element-02fdff0 elementor-widget elementor-widget-heading\" data-id=\"02fdff0\" data-element_type=\"widget\" data-e-type=\"widget\" data-widget_type=\"heading.default\">\n\t\t\t\t<div class=\"elementor-widget-container\">\n\t\t\t\t\t<h2 class=\"elementor-heading-title elementor-size-default\">AURREKONTUA ORAINTXE BERTAN<\/h2>\t\t\t\t<\/div>\n\t\t\t\t<\/div>\n\t\t\t\t<div class=\"elementor-element elementor-element-6d9c13c elementor-align-center elementor-widget elementor-widget-button\" data-id=\"6d9c13c\" data-element_type=\"widget\" data-e-type=\"widget\" data-widget_type=\"button.default\">\n\t\t\t\t<div class=\"elementor-widget-container\">\n\t\t\t\t\t\t\t\t\t<div class=\"elementor-button-wrapper\">\n\t\t\t\t\t<a class=\"elementor-button elementor-button-link elementor-size-sm\" href=\"https:\/\/pinturasranchoalegre.com\/eu\/contacto\/\">\n\t\t\t\t\t\t<span class=\"elementor-button-content-wrapper\">\n\t\t\t\t\t\t\t\t\t<span class=\"elementor-button-text\">Jarri gurekin harremanetan<\/span>\n\t\t\t\t\t<\/span>\n\t\t\t\t\t<\/a>\n\t\t\t\t<\/div>\n\t\t\t\t\t\t\t\t<\/div>\n\t\t\t\t<\/div>\n\t\t\t\t\t<\/div>\n\t\t\t\t<\/div>\n\t\t<div class=\"elementor-element elementor-element-90b078f e-flex e-con-boxed e-con e-parent\" data-id=\"90b078f\" data-element_type=\"container\" data-e-type=\"container\">\n\t\t\t\t\t<div class=\"e-con-inner\">\n\t\t\t\t<div class=\"elementor-element elementor-element-722928e elementor-widget elementor-widget-heading\" data-id=\"722928e\" data-element_type=\"widget\" data-e-type=\"widget\" data-widget_type=\"heading.default\">\n\t\t\t\t<div class=\"elementor-widget-container\">\n\t\t\t\t\t<h2 class=\"elementor-heading-title elementor-size-default\">Zerbitzuak<\/h2>\t\t\t\t<\/div>\n\t\t\t\t<\/div>\n\t\t\t\t\t<\/div>\n\t\t\t\t<\/div>\n\t\t<div class=\"elementor-element elementor-element-be10d2a e-flex e-con-boxed e-con e-parent\" data-id=\"be10d2a\" data-element_type=\"container\" data-e-type=\"container\">\n\t\t\t\t\t<div class=\"e-con-inner\">\n\t\t\t\t<div class=\"elementor-element elementor-element-3f4d323 elementor-widget__width-initial elementor-widget elementor-widget-text-editor\" data-id=\"3f4d323\" data-element_type=\"widget\" data-e-type=\"widget\" data-widget_type=\"text-editor.default\">\n\t\t\t\t<div class=\"elementor-widget-container\">\n\t\t\t\t\t\t\t\t\t<ul><li>Pintura profesionala<\/li><li>Lucidor<\/li><li>Lakatzea eta bernizatzea<\/li><li>Papereztatzea<\/li><li>Beste zerbitzu pertsonalizatu batzuk<\/li><\/ul>\t\t\t\t\t\t\t\t<\/div>\n\t\t\t\t<\/div>\n\t\t\t\t\t<\/div>\n\t\t\t\t<\/div>\n\t\t<div class=\"elementor-element elementor-element-dd4bc93 e-flex e-con-boxed e-con e-parent\" data-id=\"dd4bc93\" data-element_type=\"container\" data-e-type=\"container\" data-settings=\"{&quot;background_background&quot;:&quot;classic&quot;}\">\n\t\t\t\t\t<div class=\"e-con-inner\">\n\t\t\t\t<div class=\"elementor-element elementor-element-b7b14b6 elementor-align-center elementor-widget elementor-widget-button\" data-id=\"b7b14b6\" data-element_type=\"widget\" data-e-type=\"widget\" data-widget_type=\"button.default\">\n\t\t\t\t<div class=\"elementor-widget-container\">\n\t\t\t\t\t\t\t\t\t<div class=\"elementor-button-wrapper\">\n\t\t\t\t\t<a class=\"elementor-button elementor-button-link elementor-size-sm\" href=\"https:\/\/pinturasranchoalegre.com\/eu\/servicios\/\">\n\t\t\t\t\t\t<span class=\"elementor-button-content-wrapper\">\n\t\t\t\t\t\t\t\t\t<span class=\"elementor-button-text\">Ezagutu Gehiago<\/span>\n\t\t\t\t\t<\/span>\n\t\t\t\t\t<\/a>\n\t\t\t\t<\/div>\n\t\t\t\t\t\t\t\t<\/div>\n\t\t\t\t<\/div>\n\t\t\t\t\t<\/div>\n\t\t\t\t<\/div>\n\t\t\t\t<\/div>","protected":false},"excerpt":{"rendered":"<p>Pintura en General Resultados de alta calidad Ofrecemos servicios de pintura para todo tipo de proyectos Historia Durante dos a\u00f1os, adquir\u00ed valiosa experiencia como practicante en el mundo de la pintura, aprendiendo desde la base y perfeccionando mis habilidades bajo la gu\u00eda de expertos. Posteriormente, trabaj\u00e9 durante cinco a\u00f1os como profesional en una reconocida empresa [&hellip;]<\/p>\n","protected":false},"author":3,"featured_media":0,"parent":0,"menu_order":0,"comment_status":"closed","ping_status":"closed","template":"","meta":{"footnotes":""},"class_list":["post-2","page","type-page","status-publish","hentry"],"yoast_head":"<!-- This site is optimized with the Yoast SEO plugin v27.3 - https:\/\/yoast.com\/product\/yoast-seo-wordpress\/ -->\n<title>Inicio - Pinturas Rancho Alegre<\/title>\n<meta name=\"robots\" content=\"index, follow, max-snippet:-1, max-image-preview:large, max-video-preview:-1\" \/>\n<link rel=\"canonical\" href=\"https:\/\/pinturasranchoalegre.com\/eu\/\" \/>\n<meta property=\"og:locale\" content=\"en_US\" \/>\n<meta property=\"og:type\" content=\"article\" \/>\n<meta property=\"og:title\" content=\"Inicio - Pinturas Rancho Alegre\" \/>\n<meta property=\"og:description\" content=\"Pintura en General Resultados de alta calidad Ofrecemos servicios de pintura para todo tipo de proyectos Historia Durante dos a\u00f1os, adquir\u00ed valiosa experiencia como practicante en el mundo de la pintura, aprendiendo desde la base y perfeccionando mis habilidades bajo la gu\u00eda de expertos. Posteriormente, trabaj\u00e9 durante cinco a\u00f1os como profesional en una reconocida empresa [&hellip;]\" \/>\n<meta property=\"og:url\" content=\"https:\/\/pinturasranchoalegre.com\/eu\/\" \/>\n<meta property=\"og:site_name\" content=\"Pinturas Rancho Alegre\" \/>\n<meta property=\"article:modified_time\" content=\"2024-11-26T16:33:53+00:00\" \/>\n<meta property=\"og:image\" content=\"https:\/\/pinturasranchoalegre.com\/wp-content\/uploads\/2024\/11\/Captura-desde-2024-11-26-14-30-13.png\" \/>\n\t<meta property=\"og:image:width\" content=\"613\" \/>\n\t<meta property=\"og:image:height\" content=\"748\" \/>\n\t<meta property=\"og:image:type\" content=\"image\/png\" \/>\n<meta name=\"twitter:card\" content=\"summary_large_image\" \/>\n<meta name=\"twitter:label1\" content=\"Est. reading time\" \/>\n\t<meta name=\"twitter:data1\" content=\"1 minutua\" \/>\n<script type=\"application\/ld+json\" class=\"yoast-schema-graph\">{\"@context\":\"https:\\\/\\\/schema.org\",\"@graph\":[{\"@type\":\"WebPage\",\"@id\":\"https:\\\/\\\/pinturasranchoalegre.com\\\/\",\"url\":\"https:\\\/\\\/pinturasranchoalegre.com\\\/\",\"name\":\"Inicio - Pinturas Rancho Alegre\",\"isPartOf\":{\"@id\":\"https:\\\/\\\/pinturasranchoalegre.com\\\/#website\"},\"primaryImageOfPage\":{\"@id\":\"https:\\\/\\\/pinturasranchoalegre.com\\\/#primaryimage\"},\"image\":{\"@id\":\"https:\\\/\\\/pinturasranchoalegre.com\\\/#primaryimage\"},\"thumbnailUrl\":\"https:\\\/\\\/pinturasranchoalegre.com\\\/wp-content\\\/uploads\\\/2024\\\/11\\\/Captura-desde-2024-11-26-14-30-13.png\",\"datePublished\":\"2024-09-23T16:02:06+00:00\",\"dateModified\":\"2024-11-26T16:33:53+00:00\",\"breadcrumb\":{\"@id\":\"https:\\\/\\\/pinturasranchoalegre.com\\\/#breadcrumb\"},\"inLanguage\":\"eu\",\"potentialAction\":[{\"@type\":\"ReadAction\",\"target\":[\"https:\\\/\\\/pinturasranchoalegre.com\\\/\"]}]},{\"@type\":\"ImageObject\",\"inLanguage\":\"eu\",\"@id\":\"https:\\\/\\\/pinturasranchoalegre.com\\\/#primaryimage\",\"url\":\"https:\\\/\\\/pinturasranchoalegre.com\\\/wp-content\\\/uploads\\\/2024\\\/11\\\/Captura-desde-2024-11-26-14-30-13.png\",\"contentUrl\":\"https:\\\/\\\/pinturasranchoalegre.com\\\/wp-content\\\/uploads\\\/2024\\\/11\\\/Captura-desde-2024-11-26-14-30-13.png\"},{\"@type\":\"BreadcrumbList\",\"@id\":\"https:\\\/\\\/pinturasranchoalegre.com\\\/#breadcrumb\",\"itemListElement\":[{\"@type\":\"ListItem\",\"position\":1,\"name\":\"Portada\",\"item\":\"https:\\\/\\\/pinturasranchoalegre.com\\\/\"},{\"@type\":\"ListItem\",\"position\":2,\"name\":\"Inicio\"}]},{\"@type\":\"WebSite\",\"@id\":\"https:\\\/\\\/pinturasranchoalegre.com\\\/#website\",\"url\":\"https:\\\/\\\/pinturasranchoalegre.com\\\/\",\"name\":\"Pinturas Rancho Alegre\",\"description\":\"Pintura en General\",\"publisher\":{\"@id\":\"https:\\\/\\\/pinturasranchoalegre.com\\\/#organization\"},\"potentialAction\":[{\"@type\":\"SearchAction\",\"target\":{\"@type\":\"EntryPoint\",\"urlTemplate\":\"https:\\\/\\\/pinturasranchoalegre.com\\\/?s={search_term_string}\"},\"query-input\":{\"@type\":\"PropertyValueSpecification\",\"valueRequired\":true,\"valueName\":\"search_term_string\"}}],\"inLanguage\":\"eu\"},{\"@type\":\"Organization\",\"@id\":\"https:\\\/\\\/pinturasranchoalegre.com\\\/#organization\",\"name\":\"Pinturas Rancho Alegre\",\"url\":\"https:\\\/\\\/pinturasranchoalegre.com\\\/\",\"logo\":{\"@type\":\"ImageObject\",\"inLanguage\":\"eu\",\"@id\":\"https:\\\/\\\/pinturasranchoalegre.com\\\/#\\\/schema\\\/logo\\\/image\\\/\",\"url\":\"https:\\\/\\\/pinturasranchoalegre.com\\\/wp-content\\\/uploads\\\/2024\\\/11\\\/cropped-Diseno-sin-titulo-2.png\",\"contentUrl\":\"https:\\\/\\\/pinturasranchoalegre.com\\\/wp-content\\\/uploads\\\/2024\\\/11\\\/cropped-Diseno-sin-titulo-2.png\",\"width\":500,\"height\":500,\"caption\":\"Pinturas Rancho Alegre\"},\"image\":{\"@id\":\"https:\\\/\\\/pinturasranchoalegre.com\\\/#\\\/schema\\\/logo\\\/image\\\/\"}}]}<\/script>\n<!-- \/ Yoast SEO plugin. -->","yoast_head_json":{"title":"Inicio - Pinturas Rancho Alegre","robots":{"index":"index","follow":"follow","max-snippet":"max-snippet:-1","max-image-preview":"max-image-preview:large","max-video-preview":"max-video-preview:-1"},"canonical":"https:\/\/pinturasranchoalegre.com\/eu\/","og_locale":"en_US","og_type":"article","og_title":"Inicio - Pinturas Rancho Alegre","og_description":"Pintura en General Resultados de alta calidad Ofrecemos servicios de pintura para todo tipo de proyectos Historia Durante dos a\u00f1os, adquir\u00ed valiosa experiencia como practicante en el mundo de la pintura, aprendiendo desde la base y perfeccionando mis habilidades bajo la gu\u00eda de expertos. Posteriormente, trabaj\u00e9 durante cinco a\u00f1os como profesional en una reconocida empresa [&hellip;]","og_url":"https:\/\/pinturasranchoalegre.com\/eu\/","og_site_name":"Pinturas Rancho Alegre","article_modified_time":"2024-11-26T16:33:53+00:00","og_image":[{"width":613,"height":748,"url":"https:\/\/pinturasranchoalegre.com\/wp-content\/uploads\/2024\/11\/Captura-desde-2024-11-26-14-30-13.png","type":"image\/png"}],"twitter_card":"summary_large_image","twitter_misc":{"Est. reading time":"1 minutua"},"schema":{"@context":"https:\/\/schema.org","@graph":[{"@type":"WebPage","@id":"https:\/\/pinturasranchoalegre.com\/","url":"https:\/\/pinturasranchoalegre.com\/","name":"Inicio - Pinturas Rancho Alegre","isPartOf":{"@id":"https:\/\/pinturasranchoalegre.com\/#website"},"primaryImageOfPage":{"@id":"https:\/\/pinturasranchoalegre.com\/#primaryimage"},"image":{"@id":"https:\/\/pinturasranchoalegre.com\/#primaryimage"},"thumbnailUrl":"https:\/\/pinturasranchoalegre.com\/wp-content\/uploads\/2024\/11\/Captura-desde-2024-11-26-14-30-13.png","datePublished":"2024-09-23T16:02:06+00:00","dateModified":"2024-11-26T16:33:53+00:00","breadcrumb":{"@id":"https:\/\/pinturasranchoalegre.com\/#breadcrumb"},"inLanguage":"eu","potentialAction":[{"@type":"ReadAction","target":["https:\/\/pinturasranchoalegre.com\/"]}]},{"@type":"ImageObject","inLanguage":"eu","@id":"https:\/\/pinturasranchoalegre.com\/#primaryimage","url":"https:\/\/pinturasranchoalegre.com\/wp-content\/uploads\/2024\/11\/Captura-desde-2024-11-26-14-30-13.png","contentUrl":"https:\/\/pinturasranchoalegre.com\/wp-content\/uploads\/2024\/11\/Captura-desde-2024-11-26-14-30-13.png"},{"@type":"BreadcrumbList","@id":"https:\/\/pinturasranchoalegre.com\/#breadcrumb","itemListElement":[{"@type":"ListItem","position":1,"name":"Portada","item":"https:\/\/pinturasranchoalegre.com\/"},{"@type":"ListItem","position":2,"name":"Inicio"}]},{"@type":"WebSite","@id":"https:\/\/pinturasranchoalegre.com\/#website","url":"https:\/\/pinturasranchoalegre.com\/","name":"Pinturas Rancho Alegre","description":"Pintura orokorrean","publisher":{"@id":"https:\/\/pinturasranchoalegre.com\/#organization"},"potentialAction":[{"@type":"SearchAction","target":{"@type":"EntryPoint","urlTemplate":"https:\/\/pinturasranchoalegre.com\/?s={search_term_string}"},"query-input":{"@type":"PropertyValueSpecification","valueRequired":true,"valueName":"search_term_string"}}],"inLanguage":"eu"},{"@type":"Organization","@id":"https:\/\/pinturasranchoalegre.com\/#organization","name":"Pinturas Rancho Alegre","url":"https:\/\/pinturasranchoalegre.com\/","logo":{"@type":"ImageObject","inLanguage":"eu","@id":"https:\/\/pinturasranchoalegre.com\/#\/schema\/logo\/image\/","url":"https:\/\/pinturasranchoalegre.com\/wp-content\/uploads\/2024\/11\/cropped-Diseno-sin-titulo-2.png","contentUrl":"https:\/\/pinturasranchoalegre.com\/wp-content\/uploads\/2024\/11\/cropped-Diseno-sin-titulo-2.png","width":500,"height":500,"caption":"Pinturas Rancho Alegre"},"image":{"@id":"https:\/\/pinturasranchoalegre.com\/#\/schema\/logo\/image\/"}}]}},"_links":{"self":[{"href":"https:\/\/pinturasranchoalegre.com\/eu\/wp-json\/wp\/v2\/pages\/2","targetHints":{"allow":["GET"]}}],"collection":[{"href":"https:\/\/pinturasranchoalegre.com\/eu\/wp-json\/wp\/v2\/pages"}],"about":[{"href":"https:\/\/pinturasranchoalegre.com\/eu\/wp-json\/wp\/v2\/types\/page"}],"author":[{"embeddable":true,"href":"https:\/\/pinturasranchoalegre.com\/eu\/wp-json\/wp\/v2\/users\/3"}],"replies":[{"embeddable":true,"href":"https:\/\/pinturasranchoalegre.com\/eu\/wp-json\/wp\/v2\/comments?post=2"}],"version-history":[{"count":265,"href":"https:\/\/pinturasranchoalegre.com\/eu\/wp-json\/wp\/v2\/pages\/2\/revisions"}],"predecessor-version":[{"id":947,"href":"https:\/\/pinturasranchoalegre.com\/eu\/wp-json\/wp\/v2\/pages\/2\/revisions\/947"}],"wp:attachment":[{"href":"https:\/\/pinturasranchoalegre.com\/eu\/wp-json\/wp\/v2\/media?parent=2"}],"curies":[{"name":"wp","href":"https:\/\/api.w.org\/{rel}","templated":true}]}}