{"id":31,"date":"2024-09-25T14:34:37","date_gmt":"2024-09-25T14:34:37","guid":{"rendered":"https:\/\/itaraoro.rkinformatika.online\/?page_id=31"},"modified":"2024-11-26T16:36:42","modified_gmt":"2024-11-26T16:36:42","slug":"servicios","status":"publish","type":"page","link":"https:\/\/pinturasranchoalegre.com\/eu\/servicios\/","title":{"rendered":"Zerbitzuak"},"content":{"rendered":"<div data-elementor-type=\"wp-page\" data-elementor-id=\"31\" class=\"elementor elementor-31\" data-elementor-post-type=\"page\">\n\t\t\t\t<div class=\"elementor-element elementor-element-ea9ebb7 e-con-full e-flex e-con e-parent\" data-id=\"ea9ebb7\" data-element_type=\"container\" data-e-type=\"container\">\n\t\t\t\t<\/div>\n\t\t<div class=\"elementor-element elementor-element-85f9883 e-flex e-con-boxed e-con e-parent\" data-id=\"85f9883\" data-element_type=\"container\" data-e-type=\"container\">\n\t\t\t\t\t<div class=\"e-con-inner\">\n\t\t\t\t<div class=\"elementor-element elementor-element-4e31f5e elementor-widget elementor-widget-heading\" data-id=\"4e31f5e\" data-element_type=\"widget\" data-e-type=\"widget\" data-widget_type=\"heading.default\">\n\t\t\t\t<div class=\"elementor-widget-container\">\n\t\t\t\t\t<h2 class=\"elementor-heading-title elementor-size-default\">Ofrecemos una amplia gama de servicios para transformar tus espacios y darles un acabado impecable, adaptado a tus necesidades.<\/h2>\t\t\t\t<\/div>\n\t\t\t\t<\/div>\n\t\t\t\t\t<\/div>\n\t\t\t\t<\/div>\n\t\t<div class=\"elementor-element elementor-element-a86f1ac e-flex e-con-boxed e-con e-parent\" data-id=\"a86f1ac\" data-element_type=\"container\" data-e-type=\"container\">\n\t\t\t\t\t<div class=\"e-con-inner\">\n\t\t\t\t<div class=\"elementor-element elementor-element-cfa0523 elementor-position-left elementor-vertical-align-middle elementor-vertical-align-top elementor-widget elementor-widget-image-box\" data-id=\"cfa0523\" data-element_type=\"widget\" data-e-type=\"widget\" data-widget_type=\"image-box.default\">\n\t\t\t\t<div class=\"elementor-widget-container\">\n\t\t\t\t\t<div class=\"elementor-image-box-wrapper\"><figure class=\"elementor-image-box-img\"><img fetchpriority=\"high\" decoding=\"async\" width=\"2560\" height=\"1707\" src=\"https:\/\/pinturasranchoalegre.com\/wp-content\/uploads\/2024\/11\/male-hand-paints-with-white-paint-wood-painting-concept-close-up-place-text-1-1-scaled.jpg\" class=\"attachment-full size-full wp-image-897\" alt=\"\" srcset=\"https:\/\/pinturasranchoalegre.com\/wp-content\/uploads\/2024\/11\/male-hand-paints-with-white-paint-wood-painting-concept-close-up-place-text-1-1-scaled.jpg 2560w, https:\/\/pinturasranchoalegre.com\/wp-content\/uploads\/2024\/11\/male-hand-paints-with-white-paint-wood-painting-concept-close-up-place-text-1-1-300x200.jpg 300w, https:\/\/pinturasranchoalegre.com\/wp-content\/uploads\/2024\/11\/male-hand-paints-with-white-paint-wood-painting-concept-close-up-place-text-1-1-1024x683.jpg 1024w, https:\/\/pinturasranchoalegre.com\/wp-content\/uploads\/2024\/11\/male-hand-paints-with-white-paint-wood-painting-concept-close-up-place-text-1-1-768x512.jpg 768w, https:\/\/pinturasranchoalegre.com\/wp-content\/uploads\/2024\/11\/male-hand-paints-with-white-paint-wood-painting-concept-close-up-place-text-1-1-1536x1024.jpg 1536w, https:\/\/pinturasranchoalegre.com\/wp-content\/uploads\/2024\/11\/male-hand-paints-with-white-paint-wood-painting-concept-close-up-place-text-1-1-2048x1365.jpg 2048w, https:\/\/pinturasranchoalegre.com\/wp-content\/uploads\/2024\/11\/male-hand-paints-with-white-paint-wood-painting-concept-close-up-place-text-1-1-18x12.jpg 18w\" sizes=\"(max-width: 2560px) 100vw, 2560px\" \/><\/figure><div class=\"elementor-image-box-content\"><h3 class=\"elementor-image-box-title\">Pintura profesionala<\/h3><p class=\"elementor-image-box-description\">Aplicaci\u00f3n precisa y duradera en interiores y exteriores.<\/p><\/div><\/div>\t\t\t\t<\/div>\n\t\t\t\t<\/div>\n\t\t\t\t<div class=\"elementor-element elementor-element-68dc87b elementor-position-left elementor-vertical-align-middle elementor-vertical-align-top elementor-widget elementor-widget-image-box\" data-id=\"68dc87b\" data-element_type=\"widget\" data-e-type=\"widget\" data-widget_type=\"image-box.default\">\n\t\t\t\t<div class=\"elementor-widget-container\">\n\t\t\t\t\t<div class=\"elementor-image-box-wrapper\"><figure class=\"elementor-image-box-img\"><img decoding=\"async\" width=\"1156\" height=\"766\" src=\"https:\/\/pinturasranchoalegre.com\/wp-content\/uploads\/2024\/11\/Captura-desde-2024-11-26-15-07-14.png\" class=\"attachment-full size-full wp-image-899\" alt=\"\" srcset=\"https:\/\/pinturasranchoalegre.com\/wp-content\/uploads\/2024\/11\/Captura-desde-2024-11-26-15-07-14.png 1156w, https:\/\/pinturasranchoalegre.com\/wp-content\/uploads\/2024\/11\/Captura-desde-2024-11-26-15-07-14-300x199.png 300w, https:\/\/pinturasranchoalegre.com\/wp-content\/uploads\/2024\/11\/Captura-desde-2024-11-26-15-07-14-1024x679.png 1024w, https:\/\/pinturasranchoalegre.com\/wp-content\/uploads\/2024\/11\/Captura-desde-2024-11-26-15-07-14-768x509.png 768w, https:\/\/pinturasranchoalegre.com\/wp-content\/uploads\/2024\/11\/Captura-desde-2024-11-26-15-07-14-18x12.png 18w\" sizes=\"(max-width: 1156px) 100vw, 1156px\" \/><\/figure><div class=\"elementor-image-box-content\"><h3 class=\"elementor-image-box-title\">Lucidor<\/h3><p class=\"elementor-image-box-description\">Preparaci\u00f3n de superficies para un acabado perfecto.\n<\/p><\/div><\/div>\t\t\t\t<\/div>\n\t\t\t\t<\/div>\n\t\t\t\t<div class=\"elementor-element elementor-element-aea9876 elementor-position-left elementor-vertical-align-top elementor-widget elementor-widget-image-box\" data-id=\"aea9876\" data-element_type=\"widget\" data-e-type=\"widget\" data-widget_type=\"image-box.default\">\n\t\t\t\t<div class=\"elementor-widget-container\">\n\t\t\t\t\t<div class=\"elementor-image-box-wrapper\"><figure class=\"elementor-image-box-img\"><img decoding=\"async\" width=\"1145\" height=\"789\" src=\"https:\/\/pinturasranchoalegre.com\/wp-content\/uploads\/2024\/11\/Captura-desde-2024-11-26-15-08-17.png\" class=\"attachment-full size-full wp-image-900\" alt=\"\" srcset=\"https:\/\/pinturasranchoalegre.com\/wp-content\/uploads\/2024\/11\/Captura-desde-2024-11-26-15-08-17.png 1145w, https:\/\/pinturasranchoalegre.com\/wp-content\/uploads\/2024\/11\/Captura-desde-2024-11-26-15-08-17-300x207.png 300w, https:\/\/pinturasranchoalegre.com\/wp-content\/uploads\/2024\/11\/Captura-desde-2024-11-26-15-08-17-1024x706.png 1024w, https:\/\/pinturasranchoalegre.com\/wp-content\/uploads\/2024\/11\/Captura-desde-2024-11-26-15-08-17-768x529.png 768w, https:\/\/pinturasranchoalegre.com\/wp-content\/uploads\/2024\/11\/Captura-desde-2024-11-26-15-08-17-18x12.png 18w\" sizes=\"(max-width: 1145px) 100vw, 1145px\" \/><\/figure><div class=\"elementor-image-box-content\"><h3 class=\"elementor-image-box-title\">Lakatzea eta bernizatzea<\/h3><p class=\"elementor-image-box-description\">Ideal para muebles, puertas y superficies de madera, garantizando protecci\u00f3n y un acabado brillante o mate.<\/p><\/div><\/div>\t\t\t\t<\/div>\n\t\t\t\t<\/div>\n\t\t\t\t<div class=\"elementor-element elementor-element-112628f elementor-position-left elementor-vertical-align-top elementor-widget elementor-widget-image-box\" data-id=\"112628f\" data-element_type=\"widget\" data-e-type=\"widget\" data-widget_type=\"image-box.default\">\n\t\t\t\t<div class=\"elementor-widget-container\">\n\t\t\t\t\t<div class=\"elementor-image-box-wrapper\"><figure class=\"elementor-image-box-img\"><img loading=\"lazy\" decoding=\"async\" width=\"1135\" height=\"760\" src=\"https:\/\/pinturasranchoalegre.com\/wp-content\/uploads\/2024\/11\/Captura-desde-2024-11-26-15-09-44.png\" class=\"attachment-full size-full wp-image-901\" alt=\"\" srcset=\"https:\/\/pinturasranchoalegre.com\/wp-content\/uploads\/2024\/11\/Captura-desde-2024-11-26-15-09-44.png 1135w, https:\/\/pinturasranchoalegre.com\/wp-content\/uploads\/2024\/11\/Captura-desde-2024-11-26-15-09-44-300x201.png 300w, https:\/\/pinturasranchoalegre.com\/wp-content\/uploads\/2024\/11\/Captura-desde-2024-11-26-15-09-44-1024x686.png 1024w, https:\/\/pinturasranchoalegre.com\/wp-content\/uploads\/2024\/11\/Captura-desde-2024-11-26-15-09-44-768x514.png 768w, https:\/\/pinturasranchoalegre.com\/wp-content\/uploads\/2024\/11\/Captura-desde-2024-11-26-15-09-44-18x12.png 18w\" sizes=\"(max-width: 1135px) 100vw, 1135px\" \/><\/figure><div class=\"elementor-image-box-content\"><h3 class=\"elementor-image-box-title\">Papereztatzea<\/h3><p class=\"elementor-image-box-description\">Instalaci\u00f3n de papel tapiz con precisi\u00f3n, a\u00f1adiendo estilo y personalidad a cualquier ambiente.\n<\/p><\/div><\/div>\t\t\t\t<\/div>\n\t\t\t\t<\/div>\n\t\t\t\t<div class=\"elementor-element elementor-element-ca7a730 elementor-position-left elementor-vertical-align-top elementor-widget elementor-widget-image-box\" data-id=\"ca7a730\" data-element_type=\"widget\" data-e-type=\"widget\" data-widget_type=\"image-box.default\">\n\t\t\t\t<div class=\"elementor-widget-container\">\n\t\t\t\t\t<div class=\"elementor-image-box-wrapper\"><figure class=\"elementor-image-box-img\"><img loading=\"lazy\" decoding=\"async\" width=\"2560\" height=\"1928\" src=\"https:\/\/pinturasranchoalegre.com\/wp-content\/uploads\/2024\/11\/human-hands-working-it-yourself-project-scaled.jpg\" class=\"attachment-full size-full wp-image-906\" alt=\"\" srcset=\"https:\/\/pinturasranchoalegre.com\/wp-content\/uploads\/2024\/11\/human-hands-working-it-yourself-project-scaled.jpg 2560w, https:\/\/pinturasranchoalegre.com\/wp-content\/uploads\/2024\/11\/human-hands-working-it-yourself-project-300x226.jpg 300w, https:\/\/pinturasranchoalegre.com\/wp-content\/uploads\/2024\/11\/human-hands-working-it-yourself-project-1024x771.jpg 1024w, https:\/\/pinturasranchoalegre.com\/wp-content\/uploads\/2024\/11\/human-hands-working-it-yourself-project-768x578.jpg 768w, https:\/\/pinturasranchoalegre.com\/wp-content\/uploads\/2024\/11\/human-hands-working-it-yourself-project-1536x1157.jpg 1536w, https:\/\/pinturasranchoalegre.com\/wp-content\/uploads\/2024\/11\/human-hands-working-it-yourself-project-2048x1543.jpg 2048w, https:\/\/pinturasranchoalegre.com\/wp-content\/uploads\/2024\/11\/human-hands-working-it-yourself-project-16x12.jpg 16w\" sizes=\"(max-width: 2560px) 100vw, 2560px\" \/><\/figure><div class=\"elementor-image-box-content\"><h3 class=\"elementor-image-box-title\">Beste zerbitzu pertsonalizatu batzuk<\/h3><p class=\"elementor-image-box-description\">Nos adaptamos a tus proyectos, asegurando resultados de alta calidad.<\/p><\/div><\/div>\t\t\t\t<\/div>\n\t\t\t\t<\/div>\n\t\t\t\t<div class=\"elementor-element elementor-element-9f76051 elementor-cta--skin-cover elementor-animated-content elementor-bg-transform elementor-bg-transform-zoom-in elementor-widget elementor-widget-call-to-action\" data-id=\"9f76051\" data-element_type=\"widget\" data-e-type=\"widget\" data-widget_type=\"call-to-action.default\">\n\t\t\t\t<div class=\"elementor-widget-container\">\n\t\t\t\t\t\t\t<div class=\"elementor-cta\">\n\t\t\t\t\t<div class=\"elementor-cta__bg-wrapper\">\n\t\t\t\t<div class=\"elementor-cta__bg elementor-bg\" style=\"background-image: url(https:\/\/pinturasranchoalegre.com\/wp-content\/uploads\/2024\/11\/male-hand-paints-with-white-paint-wood-painting-concept-close-up-place-text-1-1-scaled.jpg);\" role=\"img\" aria-label=\"male hand paints with white paint on wood, painting concept, close-up, place for text\"><\/div>\n\t\t\t\t<div class=\"elementor-cta__bg-overlay\"><\/div>\n\t\t\t<\/div>\n\t\t\t\t\t\t\t<div class=\"elementor-cta__content\">\n\t\t\t\t\n\t\t\t\t\t\t\t\t\t<h2 class=\"elementor-cta__title elementor-cta__content-item elementor-content-item elementor-animated-item--grow\">\n\t\t\t\t\t\tPresupuesto de Servicios de Pintura\t\t\t\t\t<\/h2>\n\t\t\t\t\n\t\t\t\t\t\t\t\t\t<div class=\"elementor-cta__description elementor-cta__content-item elementor-content-item elementor-animated-item--grow\">\n\t\t\t\t\t\tTu satisfacci\u00f3n es nuestra prioridad. \u00a1Conf\u00eda en nosotros para renovar tus espacios!\t\t\t\t\t<\/div>\n\t\t\t\t\n\t\t\t\t\t\t\t\t\t<div class=\"elementor-cta__button-wrapper elementor-cta__content-item elementor-content-item elementor-animated-item--grow\">\n\t\t\t\t\t<a class=\"elementor-cta__button elementor-button elementor-size-\" href=\"https:\/\/pinturasranchoalegre.com\/eu\/contacto\/\">\n\t\t\t\t\t\tJarri gurekin harremanetan\t\t\t\t\t<\/a>\n\t\t\t\t\t<\/div>\n\t\t\t\t\t\t\t<\/div>\n\t\t\t\t\t\t<\/div>\n\t\t\t\t\t\t<\/div>\n\t\t\t\t<\/div>\n\t\t\t\t\t<\/div>\n\t\t\t\t<\/div>\n\t\t\t\t<\/div>","protected":false},"excerpt":{"rendered":"<p>Ofrecemos una amplia gama de servicios para transformar tus espacios y darles un acabado impecable, adaptado a tus necesidades. Pintura profesional Aplicaci\u00f3n precisa y duradera en interiores y exteriores. Lucidor Preparaci\u00f3n de superficies para un acabado perfecto. Lacado y barnizado Ideal para muebles, puertas y superficies de madera, garantizando protecci\u00f3n y un acabado brillante o [&hellip;]<\/p>\n","protected":false},"author":3,"featured_media":0,"parent":0,"menu_order":0,"comment_status":"closed","ping_status":"closed","template":"","meta":{"footnotes":""},"class_list":["post-31","page","type-page","status-publish","hentry"],"yoast_head":"<!-- This site is optimized with the Yoast SEO plugin v27.3 - https:\/\/yoast.com\/product\/yoast-seo-wordpress\/ -->\n<title>Servicios - Pinturas Rancho Alegre<\/title>\n<meta name=\"robots\" content=\"index, follow, max-snippet:-1, max-image-preview:large, max-video-preview:-1\" \/>\n<link rel=\"canonical\" href=\"https:\/\/pinturasranchoalegre.com\/eu\/servicios\/\" \/>\n<meta property=\"og:locale\" content=\"en_US\" \/>\n<meta property=\"og:type\" content=\"article\" \/>\n<meta property=\"og:title\" content=\"Servicios - Pinturas Rancho Alegre\" \/>\n<meta property=\"og:description\" content=\"Ofrecemos una amplia gama de servicios para transformar tus espacios y darles un acabado impecable, adaptado a tus necesidades. Pintura profesional Aplicaci\u00f3n precisa y duradera en interiores y exteriores. Lucidor Preparaci\u00f3n de superficies para un acabado perfecto. Lacado y barnizado Ideal para muebles, puertas y superficies de madera, garantizando protecci\u00f3n y un acabado brillante o [&hellip;]\" \/>\n<meta property=\"og:url\" content=\"https:\/\/pinturasranchoalegre.com\/eu\/servicios\/\" \/>\n<meta property=\"og:site_name\" content=\"Pinturas Rancho Alegre\" \/>\n<meta property=\"article:modified_time\" content=\"2024-11-26T16:36:42+00:00\" \/>\n<meta property=\"og:image\" content=\"https:\/\/pinturasranchoalegre.com\/wp-content\/uploads\/2024\/11\/male-hand-paints-with-white-paint-wood-painting-concept-close-up-place-text-1-1-scaled.jpg\" \/>\n\t<meta property=\"og:image:width\" content=\"2560\" \/>\n\t<meta property=\"og:image:height\" content=\"1707\" \/>\n\t<meta property=\"og:image:type\" content=\"image\/jpeg\" \/>\n<meta name=\"twitter:card\" content=\"summary_large_image\" \/>\n<meta name=\"twitter:label1\" content=\"Est. reading time\" \/>\n\t<meta name=\"twitter:data1\" content=\"2 minutua\" \/>\n<script type=\"application\/ld+json\" class=\"yoast-schema-graph\">{\"@context\":\"https:\\\/\\\/schema.org\",\"@graph\":[{\"@type\":\"WebPage\",\"@id\":\"https:\\\/\\\/pinturasranchoalegre.com\\\/servicios\\\/\",\"url\":\"https:\\\/\\\/pinturasranchoalegre.com\\\/servicios\\\/\",\"name\":\"Servicios - Pinturas Rancho Alegre\",\"isPartOf\":{\"@id\":\"https:\\\/\\\/pinturasranchoalegre.com\\\/#website\"},\"primaryImageOfPage\":{\"@id\":\"https:\\\/\\\/pinturasranchoalegre.com\\\/servicios\\\/#primaryimage\"},\"image\":{\"@id\":\"https:\\\/\\\/pinturasranchoalegre.com\\\/servicios\\\/#primaryimage\"},\"thumbnailUrl\":\"https:\\\/\\\/pinturasranchoalegre.com\\\/wp-content\\\/uploads\\\/2024\\\/11\\\/male-hand-paints-with-white-paint-wood-painting-concept-close-up-place-text-1-1-scaled.jpg\",\"datePublished\":\"2024-09-25T14:34:37+00:00\",\"dateModified\":\"2024-11-26T16:36:42+00:00\",\"breadcrumb\":{\"@id\":\"https:\\\/\\\/pinturasranchoalegre.com\\\/servicios\\\/#breadcrumb\"},\"inLanguage\":\"eu\",\"potentialAction\":[{\"@type\":\"ReadAction\",\"target\":[\"https:\\\/\\\/pinturasranchoalegre.com\\\/servicios\\\/\"]}]},{\"@type\":\"ImageObject\",\"inLanguage\":\"eu\",\"@id\":\"https:\\\/\\\/pinturasranchoalegre.com\\\/servicios\\\/#primaryimage\",\"url\":\"https:\\\/\\\/pinturasranchoalegre.com\\\/wp-content\\\/uploads\\\/2024\\\/11\\\/male-hand-paints-with-white-paint-wood-painting-concept-close-up-place-text-1-1-scaled.jpg\",\"contentUrl\":\"https:\\\/\\\/pinturasranchoalegre.com\\\/wp-content\\\/uploads\\\/2024\\\/11\\\/male-hand-paints-with-white-paint-wood-painting-concept-close-up-place-text-1-1-scaled.jpg\"},{\"@type\":\"BreadcrumbList\",\"@id\":\"https:\\\/\\\/pinturasranchoalegre.com\\\/servicios\\\/#breadcrumb\",\"itemListElement\":[{\"@type\":\"ListItem\",\"position\":1,\"name\":\"Portada\",\"item\":\"https:\\\/\\\/pinturasranchoalegre.com\\\/\"},{\"@type\":\"ListItem\",\"position\":2,\"name\":\"Servicios\"}]},{\"@type\":\"WebSite\",\"@id\":\"https:\\\/\\\/pinturasranchoalegre.com\\\/#website\",\"url\":\"https:\\\/\\\/pinturasranchoalegre.com\\\/\",\"name\":\"Pinturas Rancho Alegre\",\"description\":\"Pintura en General\",\"publisher\":{\"@id\":\"https:\\\/\\\/pinturasranchoalegre.com\\\/#organization\"},\"potentialAction\":[{\"@type\":\"SearchAction\",\"target\":{\"@type\":\"EntryPoint\",\"urlTemplate\":\"https:\\\/\\\/pinturasranchoalegre.com\\\/?s={search_term_string}\"},\"query-input\":{\"@type\":\"PropertyValueSpecification\",\"valueRequired\":true,\"valueName\":\"search_term_string\"}}],\"inLanguage\":\"eu\"},{\"@type\":\"Organization\",\"@id\":\"https:\\\/\\\/pinturasranchoalegre.com\\\/#organization\",\"name\":\"Pinturas Rancho Alegre\",\"url\":\"https:\\\/\\\/pinturasranchoalegre.com\\\/\",\"logo\":{\"@type\":\"ImageObject\",\"inLanguage\":\"eu\",\"@id\":\"https:\\\/\\\/pinturasranchoalegre.com\\\/#\\\/schema\\\/logo\\\/image\\\/\",\"url\":\"https:\\\/\\\/pinturasranchoalegre.com\\\/wp-content\\\/uploads\\\/2024\\\/11\\\/cropped-Diseno-sin-titulo-2.png\",\"contentUrl\":\"https:\\\/\\\/pinturasranchoalegre.com\\\/wp-content\\\/uploads\\\/2024\\\/11\\\/cropped-Diseno-sin-titulo-2.png\",\"width\":500,\"height\":500,\"caption\":\"Pinturas Rancho Alegre\"},\"image\":{\"@id\":\"https:\\\/\\\/pinturasranchoalegre.com\\\/#\\\/schema\\\/logo\\\/image\\\/\"}}]}<\/script>\n<!-- \/ Yoast SEO plugin. -->","yoast_head_json":{"title":"Servicios - Pinturas Rancho Alegre","robots":{"index":"index","follow":"follow","max-snippet":"max-snippet:-1","max-image-preview":"max-image-preview:large","max-video-preview":"max-video-preview:-1"},"canonical":"https:\/\/pinturasranchoalegre.com\/eu\/servicios\/","og_locale":"en_US","og_type":"article","og_title":"Servicios - Pinturas Rancho Alegre","og_description":"Ofrecemos una amplia gama de servicios para transformar tus espacios y darles un acabado impecable, adaptado a tus necesidades. Pintura profesional Aplicaci\u00f3n precisa y duradera en interiores y exteriores. Lucidor Preparaci\u00f3n de superficies para un acabado perfecto. Lacado y barnizado Ideal para muebles, puertas y superficies de madera, garantizando protecci\u00f3n y un acabado brillante o [&hellip;]","og_url":"https:\/\/pinturasranchoalegre.com\/eu\/servicios\/","og_site_name":"Pinturas Rancho Alegre","article_modified_time":"2024-11-26T16:36:42+00:00","og_image":[{"width":2560,"height":1707,"url":"https:\/\/pinturasranchoalegre.com\/wp-content\/uploads\/2024\/11\/male-hand-paints-with-white-paint-wood-painting-concept-close-up-place-text-1-1-scaled.jpg","type":"image\/jpeg"}],"twitter_card":"summary_large_image","twitter_misc":{"Est. reading time":"2 minutua"},"schema":{"@context":"https:\/\/schema.org","@graph":[{"@type":"WebPage","@id":"https:\/\/pinturasranchoalegre.com\/servicios\/","url":"https:\/\/pinturasranchoalegre.com\/servicios\/","name":"Servicios - Pinturas Rancho Alegre","isPartOf":{"@id":"https:\/\/pinturasranchoalegre.com\/#website"},"primaryImageOfPage":{"@id":"https:\/\/pinturasranchoalegre.com\/servicios\/#primaryimage"},"image":{"@id":"https:\/\/pinturasranchoalegre.com\/servicios\/#primaryimage"},"thumbnailUrl":"https:\/\/pinturasranchoalegre.com\/wp-content\/uploads\/2024\/11\/male-hand-paints-with-white-paint-wood-painting-concept-close-up-place-text-1-1-scaled.jpg","datePublished":"2024-09-25T14:34:37+00:00","dateModified":"2024-11-26T16:36:42+00:00","breadcrumb":{"@id":"https:\/\/pinturasranchoalegre.com\/servicios\/#breadcrumb"},"inLanguage":"eu","potentialAction":[{"@type":"ReadAction","target":["https:\/\/pinturasranchoalegre.com\/servicios\/"]}]},{"@type":"ImageObject","inLanguage":"eu","@id":"https:\/\/pinturasranchoalegre.com\/servicios\/#primaryimage","url":"https:\/\/pinturasranchoalegre.com\/wp-content\/uploads\/2024\/11\/male-hand-paints-with-white-paint-wood-painting-concept-close-up-place-text-1-1-scaled.jpg","contentUrl":"https:\/\/pinturasranchoalegre.com\/wp-content\/uploads\/2024\/11\/male-hand-paints-with-white-paint-wood-painting-concept-close-up-place-text-1-1-scaled.jpg"},{"@type":"BreadcrumbList","@id":"https:\/\/pinturasranchoalegre.com\/servicios\/#breadcrumb","itemListElement":[{"@type":"ListItem","position":1,"name":"Portada","item":"https:\/\/pinturasranchoalegre.com\/"},{"@type":"ListItem","position":2,"name":"Servicios"}]},{"@type":"WebSite","@id":"https:\/\/pinturasranchoalegre.com\/#website","url":"https:\/\/pinturasranchoalegre.com\/","name":"Pinturas Rancho Alegre","description":"Pintura orokorrean","publisher":{"@id":"https:\/\/pinturasranchoalegre.com\/#organization"},"potentialAction":[{"@type":"SearchAction","target":{"@type":"EntryPoint","urlTemplate":"https:\/\/pinturasranchoalegre.com\/?s={search_term_string}"},"query-input":{"@type":"PropertyValueSpecification","valueRequired":true,"valueName":"search_term_string"}}],"inLanguage":"eu"},{"@type":"Organization","@id":"https:\/\/pinturasranchoalegre.com\/#organization","name":"Pinturas Rancho Alegre","url":"https:\/\/pinturasranchoalegre.com\/","logo":{"@type":"ImageObject","inLanguage":"eu","@id":"https:\/\/pinturasranchoalegre.com\/#\/schema\/logo\/image\/","url":"https:\/\/pinturasranchoalegre.com\/wp-content\/uploads\/2024\/11\/cropped-Diseno-sin-titulo-2.png","contentUrl":"https:\/\/pinturasranchoalegre.com\/wp-content\/uploads\/2024\/11\/cropped-Diseno-sin-titulo-2.png","width":500,"height":500,"caption":"Pinturas Rancho Alegre"},"image":{"@id":"https:\/\/pinturasranchoalegre.com\/#\/schema\/logo\/image\/"}}]}},"_links":{"self":[{"href":"https:\/\/pinturasranchoalegre.com\/eu\/wp-json\/wp\/v2\/pages\/31","targetHints":{"allow":["GET"]}}],"collection":[{"href":"https:\/\/pinturasranchoalegre.com\/eu\/wp-json\/wp\/v2\/pages"}],"about":[{"href":"https:\/\/pinturasranchoalegre.com\/eu\/wp-json\/wp\/v2\/types\/page"}],"author":[{"embeddable":true,"href":"https:\/\/pinturasranchoalegre.com\/eu\/wp-json\/wp\/v2\/users\/3"}],"replies":[{"embeddable":true,"href":"https:\/\/pinturasranchoalegre.com\/eu\/wp-json\/wp\/v2\/comments?post=31"}],"version-history":[{"count":187,"href":"https:\/\/pinturasranchoalegre.com\/eu\/wp-json\/wp\/v2\/pages\/31\/revisions"}],"predecessor-version":[{"id":956,"href":"https:\/\/pinturasranchoalegre.com\/eu\/wp-json\/wp\/v2\/pages\/31\/revisions\/956"}],"wp:attachment":[{"href":"https:\/\/pinturasranchoalegre.com\/eu\/wp-json\/wp\/v2\/media?parent=31"}],"curies":[{"name":"wp","href":"https:\/\/api.w.org\/{rel}","templated":true}]}}